{"id":3,"date":"2021-09-13T14:57:19","date_gmt":"2021-09-13T14:57:19","guid":{"rendered":"https:\/\/www.venice-exclusive.com\/?page_id=3"},"modified":"2021-09-27T06:39:38","modified_gmt":"2021-09-27T06:39:38","slug":"privacy-policy","status":"publish","type":"page","link":"https:\/\/www.venice-exclusive.com\/it\/privacy-policy\/","title":{"rendered":"Privacy Policy"},"content":{"rendered":"\n<p>a free translation of this site can be found&nbsp;<a href=\"https:\/\/translate.google.com\/translate?sl=it&amp;tl=en&amp;u=https:\/\/www.venice-exclusive.com\/privacy-policy\/\" target=\"_blank\" rel=\"noreferrer noopener\">here<\/a><\/p>\n\n\n\n<p><strong>INFORMATIVA SUL TRATTAMENTO DEI DATI PERSONALI<\/strong><br>Ai sensi dell\u2019articolo 13 del Regolamento UE 2016\/679, di seguito denominato come GDPR (Regolamento Generale per la Protezione dei Dati Personali), considerato anche il D. Lgs. 196\/2003 modificato dal D.Lgs. 101\/2018, La informiamo in merito a quanto segue:<\/p>\n\n\n\n<p><strong>Titolare del trattamento<\/strong><\/p>\n\n\n\n<p>Il \u201cTitolare\u201d del trattamento \u00e8 la societ\u00e0 Regina0826 S.R.L.S con sede legale a Venezia in via Sandro Gallo, 164. Il titolare pu\u00f2 essere contattato a mezzo raccomandata all\u2019indirizzo indicato, ovvero utilizzando l\u2019indirizzo di posta elettronica info@venice-exclusive.com<\/p>\n\n\n\n<p><strong>Finalit\u00e0 del trattamento e basi giuridiche<\/strong><\/p>\n\n\n\n<p>Dati di navigazione Il Titolare tratter\u00e0 alcuni dati personali degli utenti che interagiscono con i sistemi informatici e le procedure software preposte al funzionamento del sito. Verranno trattati, in particolare, i dati di navigazione che i sistemi informatici acquisiscono automaticamente durante l\u2019utilizzo del sito, quale ad esempio l\u2019indirizzo IP, nomi di dominio e tipi di browser che non sono accompagnati da alcuna informazione personale aggiuntiva e vengono utilizzati per ricavare informazioni statistiche anonime sull\u2019uso del sito, esigenze di controllo delle modalit\u00e0 di utilizzo dello stesso; nonch\u00e9 per l\u2019accertamento di responsabilit\u00e0 in caso di ipotetici reati informatici.<\/p>\n\n\n\n<p><strong>Dati forniti volontariamente dall\u2019utente I dati personali da Lei forniti verranno trattati esclusivamente per le seguenti finalit\u00e0:<\/strong><\/p>\n\n\n\n<p>a) stipulazione ed esecuzione del contratto (registrazione, utilizzo dei servizi del sito) e di tutte le attivit\u00e0 ad esso connesse, quali, a titolo esemplificativo, fatturazione, tutela del credito, tutela dei diritti e degli interessi del Titolare, servizi amministrativi, gestionali, logistico\/organizzativi e funzionali all\u2019esecuzione del contratto;<\/p>\n\n\n\n<p>b) adempimento degli obblighi previsti dalla legge, regolamenti, normativa applicabile e altre disposizioni impartite da Autorit\u00e0 e Organi di vigilanza e controllo previsti dalla Legge.<\/p>\n\n\n\n<p>Le basi giuridiche per il trattamento dei dati personali per le finalit\u00e0 di cui ai precedenti punti a) e b) sono: l\u2019esecuzione di un contratto e\/o l\u2019adozione di una misura pre-contrattuale su richiesta dell\u2019Interessato, e l\u2019adempimento di uno o pi\u00f9 obblighi di legge o esercizio di legittimo interesse.<\/p>\n\n\n\n<p>c) svolgimento di attivit\u00e0 di informativa promozionale\/pubblicitaria a mezzo di invio di newsletter periodiche. Soltanto il trattamento dei dati personali per le finalit\u00e0 di cui al precedente punto c) richiede il suo consenso espresso art. 7 del GDPR. Detto consenso riguarda sia le modalit\u00e0 di comunicazione automatizzate che quelle tradizionali sopra descritte.<\/p>\n\n\n\n<p>Per gli Interessati gi\u00e0 clienti del Titolare, l\u2019invio di informazioni per le finalit\u00e0 di cui al precedente punto c) pu\u00f2 basarsi anche sul legittimo interesse del Titolare secondo quanto previsto dall\u2019art. 6, paragrafo 1 lettera f) e dal considerando n. 47 del GDPR.<\/p>\n\n\n\n<p>L\u2019Interessato avr\u00e0 sempre e comunque il diritto di opporsi in maniera agevole e gratuitamente in tutto, o anche solo in parte, al trattamento dei Suoi dati per le finalit\u00e0 di cui al punto c).<\/p>\n\n\n\n<p><strong>Modalit\u00e0 di trattamento dei dati<\/strong><\/p>\n\n\n\n<p>Il trattamento dei dati personali \u00e8 realizzato per mezzo delle operazioni indicate all\u2019art. 4 n. 2) GDPR, per le finalit\u00e0 di cui sopra, sia su supporto cartaceo che informatico\/telematico, per mezzo di strumenti elettronici e\/o automatizzati, nel rispetto della normativa vigente in particolare in materia di riservatezza e sicurezza e in conformit\u00e0 ai principi di correttezza, liceit\u00e0 e trasparenza e tutela dei diritti del Cliente. Il trattamento \u00e8 svolto direttamente dall\u2019organizzazione del Titolare, dai suoi Responsabili ex art 28 e da soggetti interni designati .<\/p>\n\n\n\n<p><strong>Natura obbligatoria o facoltativa del conferimento dei dati e conseguenze di un eventuale rifiuto di fornire i dati personali<\/strong><\/p>\n\n\n\n<p>I dati richiesti per le finalit\u00e0 di cui al precedente punto devono essere obbligatoriamente forniti per l\u2019adempimento degli obblighi di legge e\/o per la conclusione ed esecuzione del rapporto contrattuale da lei richiesto o per l\u2019esercizio del legittimo interesse del Titolare. Pertanto, il Suo eventuale rifiuto, anche parziale, di fornire tali dati comporterebbe l\u2019impossibilit\u00e0 per il Titolare di instaurare e gestire il rapporto stesso. Il conferimento dei dati personali necessari per le finalit\u00e0 di cui alla precedente lettera c) \u00e8 facoltativo, pertanto il Suo eventuale rifiuto di fornire tali dati pu\u00f2 comportare l\u2019impossibilit\u00e0 di porre in essere le attivit\u00e0 ivi descritte (marketing e promozionali).<\/p>\n\n\n\n<p><strong>Comunicazione e Diffusione<\/strong><\/p>\n\n\n\n<p>I Suoi dati personali potranno essere comunicati, nei limiti strettamente pertinenti agli obblighi, ai compiti ed alle finalit\u00e0 di cui sopra e nel rispetto della normativa vigente in materia, alle seguenti categorie di soggetti:<\/p>\n\n\n\n<p>\u2013 soggetti a cui tale comunicazione deve essere effettuata al fine di adempiere o per esigere l\u2019adempimento di specifici obblighi contrattuali o previsti da leggi, da regolamenti e\/o dalla normativa comunitaria;<\/p>\n\n\n\n<p>\u2013 persone fisiche e\/o giuridiche esterne che forniscono servizi strumentali alle attivit\u00e0 del Titolare per le finalit\u00e0 di cui sopra (es. partner commerciali, fornitori, consulenti, societ\u00e0, enti, studi professionali). Tali soggetti opereranno in qualit\u00e0 di responsabili del trattamento ex art 28 GDPR.<\/p>\n\n\n\n<p>I dati personali non saranno in alcun modo oggetto di diffusione salvo suo esplicito consenso o richiesta per iscritto.<\/p>\n\n\n\n<p><strong>Periodo di conservazione dei dati personali<\/strong><\/p>\n\n\n\n<p>I dati personali saranno conservati per l\u2019intera durata necessaria per l\u2019esecuzione del contratto stipulato con il Titolare, concluso il quale i dati saranno conservati per assolvere agli adempimenti previsti per legge e per la conservazione dei documenti amministrativi nel rispetto delle vigenti disposizioni di legge.<\/p>\n\n\n\n<p><strong>Trasferimento dei dati<\/strong><\/p>\n\n\n\n<p>I dati personali sono conservati su server ubicati all\u2019interno dell\u2019Unione Europea. Resta in ogni caso inteso che il Titolare, ove si rendesse necessario, avr\u00e0 facolt\u00e0 di spostare i server anche extra-UE. In tal caso, il Titolare assicura sin d\u2019ora che il trasferimento dei dati extra-UE avverr\u00e0 in conformit\u00e0 alle disposizioni di legge applicabili, previa stipula delle clausole contrattuali standard previste dalla Commissione Europea.<\/p>\n\n\n\n<p><strong>Diritti dell\u2019interessato<\/strong><\/p>\n\n\n\n<p>Nella sua qualit\u00e0 di interessato, ha i diritti di cui al GDPR e precisamente i diritti di:<\/p>\n\n\n\n<p>1. ottenere la conferma dell\u2019esistenza o meno di dati personali che La riguardano, anche se non ancora registrati, e la loro comunicazione in forma intelligibile;<\/p>\n\n\n\n<p>2. ottenere l\u2019indicazione: a) dell\u2019origine dei dati personali; b) delle finalit\u00e0 e modalit\u00e0 del trattamento; c) della logica applicata in caso di trattamento effettuato con l\u2019ausilio di strumenti elettronici; d) degli estremi identificativi del titolare, dei responsabili e del rappresentante designato ai sensi dell\u2019art. 3, comma 1, GDPR; e) dei soggetti o delle categorie di soggetti ai quali i dati personali possono essere comunicati o che possono venirne a conoscenza in qualit\u00e0 di rappresentante designato nel territorio dello Stato, di responsabili o incaricati;<\/p>\n\n\n\n<p>3. ottenere: a) l\u2019aggiornamento, la rettificazione ovvero, quando vi ha interesse, l\u2019integrazione dei dati; b) la cancellazione, la trasformazione in forma anonima o il blocco dei dati trattati in violazione di legge, compresi quelli di cui non \u00e8 necessaria la conservazione in relazione agli scopi per i quali i dati sono stati raccolti o successivamente trattati; c) l\u2019attestazione che le operazioni di cui alle lettere a) e b) siano state portate a conoscenza, anche per quanto riguarda il loro contenuto, di coloro ai quali i dati sono stati comunicati, eccettuato il caso in cui tale adempimento si rivela impossibile o comporta un impiego di mezzi manifestamente sproporzionato rispetto al diritto tutelato;<\/p>\n\n\n\n<p>4. opporsi, in tutto o in parte: a) per motivi legittimi al trattamento dei dati personali che La riguardano, ancorch\u00e9 pertinenti allo scopo della raccolta; b) al trattamento di dati personali che La riguardano a fini di invio di materiale pubblicitario o di vendita diretta o per il compimento di ricerche di mercato o di comunicazione commerciale, mediante l\u2019uso di sistemi di chiamata con l\u2019intervento di un operatore, e\/o mediante e-mail e\/o mediante modalit\u00e0 di marketing tradizionali mediante telefono e\/o posta cartacea. Si ricorda che ciascun Interessato ha il diritto di opporsi in tutto o in parte al trattamento dati per finalit\u00e0 di marketing. Pertanto, l\u2019interessato pu\u00f2 decidere di ricevere solo comunicazioni mediante modalit\u00e0 tradizionali ovvero solo comunicazioni automatizzate oppure nessuna delle due tipologie di comunicazione. Ove applicabili, ha altres\u00ec i diritti di cui agli artt. 16-21 GDPR (diritto di rettifica, diritto all\u2019oblio, diritto di limitazione di trattamento, diritto alla portabilit\u00e0 dei dati, diritto di opposizione), nonch\u00e9 il diritto di reclamo all\u2019Autorit\u00e0 Garante.<\/p>\n\n\n\n<p>Per l\u2019esercizio dei diritti di cui sopra o per domande o informazioni in ordine al trattamento dei Suoi dati ed alle misure di sicurezza adottate, ogni Interessato potr\u00e0 in ogni caso inoltrare alla nostra societ\u00e0 le proprie richieste al seguente indirizzo: info@venice-exclusive.com<\/p>\n","protected":false},"excerpt":{"rendered":"<p>a free translation of this site can be found&nbsp;here INFORMATIVA SUL TRATTAMENTO DEI DATI PERSONALIAi sensi dell\u2019articolo 13 del Regolamento UE 2016\/679, di seguito denominato come GDPR (Regolamento Generale per la Protezione dei Dati Personali), considerato anche il D. Lgs. 196\/2003 modificato dal D.Lgs. 101\/2018, La informiamo in merito a quanto segue: Titolare del trattamento&#8230;<\/p>\n","protected":false},"author":1,"featured_media":0,"parent":0,"menu_order":0,"comment_status":"closed","ping_status":"closed","template":"","meta":{"footnotes":""},"class_list":["post-3","page","type-page","status-publish","hentry"],"yoast_head":"<!-- This site is optimized with the Yoast SEO plugin v17.8 - https:\/\/yoast.com\/wordpress\/plugins\/seo\/ -->\n<title>Privacy Policy - Venice Exclusive<\/title>\n<meta name=\"robots\" content=\"index, follow, max-snippet:-1, max-image-preview:large, max-video-preview:-1\" \/>\n<link rel=\"canonical\" href=\"https:\/\/www.venice-exclusive.com\/it\/privacy-policy\/\" \/>\n<meta property=\"og:locale\" content=\"it_IT\" \/>\n<meta property=\"og:type\" content=\"article\" \/>\n<meta property=\"og:title\" content=\"Privacy Policy - Venice Exclusive\" \/>\n<meta property=\"og:description\" content=\"a free translation of this site can be found&nbsp;here INFORMATIVA SUL TRATTAMENTO DEI DATI PERSONALIAi sensi dell\u2019articolo 13 del Regolamento UE 2016\/679, di seguito denominato come GDPR (Regolamento Generale per la Protezione dei Dati Personali), considerato anche il D. Lgs. 196\/2003 modificato dal D.Lgs. 101\/2018, La informiamo in merito a quanto segue: Titolare del trattamento...\" \/>\n<meta property=\"og:url\" content=\"https:\/\/www.venice-exclusive.com\/it\/privacy-policy\/\" \/>\n<meta property=\"og:site_name\" content=\"Venice Exclusive\" \/>\n<meta property=\"article:modified_time\" content=\"2021-09-27T06:39:38+00:00\" \/>\n<meta name=\"twitter:card\" content=\"summary_large_image\" \/>\n<meta name=\"twitter:label1\" content=\"Tempo di lettura stimato\" \/>\n\t<meta name=\"twitter:data1\" content=\"6 minuti\" \/>\n<script type=\"application\/ld+json\" class=\"yoast-schema-graph\">{\"@context\":\"https:\/\/schema.org\",\"@graph\":[{\"@type\":\"WebSite\",\"@id\":\"https:\/\/www.venice-exclusive.com\/#website\",\"url\":\"https:\/\/www.venice-exclusive.com\/\",\"name\":\"Venice Exclusive\",\"description\":\"Luxury Travel Agency Venice\",\"potentialAction\":[{\"@type\":\"SearchAction\",\"target\":{\"@type\":\"EntryPoint\",\"urlTemplate\":\"https:\/\/www.venice-exclusive.com\/?s={search_term_string}\"},\"query-input\":\"required name=search_term_string\"}],\"inLanguage\":\"it-IT\"},{\"@type\":\"WebPage\",\"@id\":\"https:\/\/www.venice-exclusive.com\/it\/privacy-policy\/#webpage\",\"url\":\"https:\/\/www.venice-exclusive.com\/it\/privacy-policy\/\",\"name\":\"Privacy Policy - Venice Exclusive\",\"isPartOf\":{\"@id\":\"https:\/\/www.venice-exclusive.com\/#website\"},\"datePublished\":\"2021-09-13T14:57:19+00:00\",\"dateModified\":\"2021-09-27T06:39:38+00:00\",\"breadcrumb\":{\"@id\":\"https:\/\/www.venice-exclusive.com\/it\/privacy-policy\/#breadcrumb\"},\"inLanguage\":\"it-IT\",\"potentialAction\":[{\"@type\":\"ReadAction\",\"target\":[\"https:\/\/www.venice-exclusive.com\/it\/privacy-policy\/\"]}]},{\"@type\":\"BreadcrumbList\",\"@id\":\"https:\/\/www.venice-exclusive.com\/it\/privacy-policy\/#breadcrumb\",\"itemListElement\":[{\"@type\":\"ListItem\",\"position\":1,\"name\":\"Home\",\"item\":\"https:\/\/www.venice-exclusive.com\/it\/\"},{\"@type\":\"ListItem\",\"position\":2,\"name\":\"Privacy Policy\"}]}]}<\/script>\n<!-- \/ Yoast SEO plugin. -->","yoast_head_json":{"title":"Privacy Policy - Venice Exclusive","robots":{"index":"index","follow":"follow","max-snippet":"max-snippet:-1","max-image-preview":"max-image-preview:large","max-video-preview":"max-video-preview:-1"},"canonical":"https:\/\/www.venice-exclusive.com\/it\/privacy-policy\/","og_locale":"it_IT","og_type":"article","og_title":"Privacy Policy - Venice Exclusive","og_description":"a free translation of this site can be found&nbsp;here INFORMATIVA SUL TRATTAMENTO DEI DATI PERSONALIAi sensi dell\u2019articolo 13 del Regolamento UE 2016\/679, di seguito denominato come GDPR (Regolamento Generale per la Protezione dei Dati Personali), considerato anche il D. Lgs. 196\/2003 modificato dal D.Lgs. 101\/2018, La informiamo in merito a quanto segue: Titolare del trattamento...","og_url":"https:\/\/www.venice-exclusive.com\/it\/privacy-policy\/","og_site_name":"Venice Exclusive","article_modified_time":"2021-09-27T06:39:38+00:00","twitter_card":"summary_large_image","twitter_misc":{"Tempo di lettura stimato":"6 minuti"},"schema":{"@context":"https:\/\/schema.org","@graph":[{"@type":"WebSite","@id":"https:\/\/www.venice-exclusive.com\/#website","url":"https:\/\/www.venice-exclusive.com\/","name":"Venice Exclusive","description":"Luxury Travel Agency Venice","potentialAction":[{"@type":"SearchAction","target":{"@type":"EntryPoint","urlTemplate":"https:\/\/www.venice-exclusive.com\/?s={search_term_string}"},"query-input":"required name=search_term_string"}],"inLanguage":"it-IT"},{"@type":"WebPage","@id":"https:\/\/www.venice-exclusive.com\/it\/privacy-policy\/#webpage","url":"https:\/\/www.venice-exclusive.com\/it\/privacy-policy\/","name":"Privacy Policy - Venice Exclusive","isPartOf":{"@id":"https:\/\/www.venice-exclusive.com\/#website"},"datePublished":"2021-09-13T14:57:19+00:00","dateModified":"2021-09-27T06:39:38+00:00","breadcrumb":{"@id":"https:\/\/www.venice-exclusive.com\/it\/privacy-policy\/#breadcrumb"},"inLanguage":"it-IT","potentialAction":[{"@type":"ReadAction","target":["https:\/\/www.venice-exclusive.com\/it\/privacy-policy\/"]}]},{"@type":"BreadcrumbList","@id":"https:\/\/www.venice-exclusive.com\/it\/privacy-policy\/#breadcrumb","itemListElement":[{"@type":"ListItem","position":1,"name":"Home","item":"https:\/\/www.venice-exclusive.com\/it\/"},{"@type":"ListItem","position":2,"name":"Privacy Policy"}]}]}},"_links":{"self":[{"href":"https:\/\/www.venice-exclusive.com\/it\/wp-json\/wp\/v2\/pages\/3","targetHints":{"allow":["GET"]}}],"collection":[{"href":"https:\/\/www.venice-exclusive.com\/it\/wp-json\/wp\/v2\/pages"}],"about":[{"href":"https:\/\/www.venice-exclusive.com\/it\/wp-json\/wp\/v2\/types\/page"}],"author":[{"embeddable":true,"href":"https:\/\/www.venice-exclusive.com\/it\/wp-json\/wp\/v2\/users\/1"}],"replies":[{"embeddable":true,"href":"https:\/\/www.venice-exclusive.com\/it\/wp-json\/wp\/v2\/comments?post=3"}],"version-history":[{"count":2,"href":"https:\/\/www.venice-exclusive.com\/it\/wp-json\/wp\/v2\/pages\/3\/revisions"}],"predecessor-version":[{"id":14036,"href":"https:\/\/www.venice-exclusive.com\/it\/wp-json\/wp\/v2\/pages\/3\/revisions\/14036"}],"wp:attachment":[{"href":"https:\/\/www.venice-exclusive.com\/it\/wp-json\/wp\/v2\/media?parent=3"}],"curies":[{"name":"wp","href":"https:\/\/api.w.org\/{rel}","templated":true}]}}