{"id":7366,"date":"2015-11-18T08:37:53","date_gmt":"2015-11-18T08:37:53","guid":{"rendered":"http:\/\/interior-design.cmsmasters.net\/?page_id=7366"},"modified":"2022-05-12T10:14:24","modified_gmt":"2022-05-12T10:14:24","slug":"home-store","status":"publish","type":"page","link":"https:\/\/www.venice-exclusive.com\/it\/","title":{"rendered":"Home"},"content":{"rendered":"<div id=\"cmsmasters_row_843b6d8ff2\" class=\"cmsmasters_row cmsmasters_color_scheme_default cmsmasters_row_top_default cmsmasters_row_bot_default cmsmasters_row_fullwidth\">\n<div class=\"cmsmasters_row_outer_parent\">\n<div class=\"cmsmasters_row_outer\">\n<div class=\"cmsmasters_row_inner cmsmasters_row_fullwidth\">\n<div class=\"cmsmasters_row_margin\">\n<div id=\"cmsmasters_column_ab047a3d51\" class=\"cmsmasters_column one_first\">\n<div class=\"cmsmasters_column_inner\"><p><\/p>\n<div class=\"cmsmasters_slider\">\n\t\t\t<!-- START Homepage Slider REVOLUTION SLIDER 6.2.23 --><p class=\"rs-p-wp-fix\"><\/p>\n\t\t\t<rs-module-wrap id=\"rev_slider_1_1_wrapper\" data-source=\"gallery\" style=\"background:transparent;padding:0;margin:0px auto;margin-top:0;margin-bottom:0;max-width:;\">\n\t\t\t\t<rs-module id=\"rev_slider_1_1\" style=\"\" data-version=\"6.2.23\">\n\t\t\t\t\t<rs-slides>\n\t\t\t\t\t\t<rs-slide data-key=\"rs-1\" data-title=\"Slide\" data-anim=\"ei:d;eo:d;s:600;r:0;t:fade;sl:d;\">\n\t\t\t\t\t\t\t<img loading=\"lazy\" decoding=\"async\" src=\"\/\/www.venice-exclusive.com\/wp-content\/uploads\/2022\/05\/venice-exclusive-slider.jpg\" title=\"venice-exclusive-slider\" width=\"1320\" height=\"800\" class=\"rev-slidebg\" data-no-retina>\n<!--\n\t\t\t\t\t\t\t--><h4\n\t\t\t\t\t\t\t\tid=\"slider-1-slide-1-layer-1\" \n\t\t\t\t\t\t\t\tclass=\"rs-layer\"\n\t\t\t\t\t\t\t\tdata-type=\"text\"\n\t\t\t\t\t\t\t\tdata-tsh=\"c:#000000;h:1px;v:1px;\"\n\t\t\t\t\t\t\t\tdata-rsp_ch=\"on\"\n\t\t\t\t\t\t\t\tdata-xy=\"xo:80px,50px,50px,30px;yo:306px,310px,230px,230px;\"\n\t\t\t\t\t\t\t\tdata-text=\"s:18,18,18,17;l:28,28,28,26;ls:4px,4px,4px,3px;a:inherit;\"\n\t\t\t\t\t\t\t\tdata-padding=\"r:10;l:10;\"\n\t\t\t\t\t\t\t\tdata-frame_0=\"x:-50px,-50px,-50px,-46px;\"\n\t\t\t\t\t\t\t\tdata-frame_1=\"x:0,0,0,0px;y:0,0,0,0px;e:power3.out;st:370;sp:2000;sR:370;\"\n\t\t\t\t\t\t\t\tdata-frame_999=\"o:0;st:w;sR:2630;\"\n\t\t\t\t\t\t\t\tstyle=\"z-index:5;background-color:rgba(0,0,0,0.31);font-family:Montserrat;\"\n\t\t\t\t\t\t\t>Venice Exclusive Travel Agency \n\t\t\t\t\t\t\t<\/h4><!--\n\n\t\t\t\t\t\t\t--><h2\n\t\t\t\t\t\t\t\tid=\"slider-1-slide-1-layer-2\" \n\t\t\t\t\t\t\t\tclass=\"rs-layer\"\n\t\t\t\t\t\t\t\tdata-type=\"text\"\n\t\t\t\t\t\t\t\tdata-color=\"#ffffff||#2d2a27||#2d2a27||#ffffff\"\n\t\t\t\t\t\t\t\tdata-tsh=\"c:#000000;h:1px;v:2px;\"\n\t\t\t\t\t\t\t\tdata-rsp_ch=\"on\"\n\t\t\t\t\t\t\t\tdata-xy=\"xo:80px,50px,50px,30px;yo:352px,359px,277px,279px;\"\n\t\t\t\t\t\t\t\tdata-text=\"w:normal;s:36,36,36,30;l:48;a:inherit;\"\n\t\t\t\t\t\t\t\tdata-dim=\"w:612px,586px,401px,296px;h:auto,146px,147px,auto;\"\n\t\t\t\t\t\t\t\tdata-padding=\"r:10,0,0,0;l:10,0,0,0;\"\n\t\t\t\t\t\t\t\tdata-frame_0=\"x:-50px;\"\n\t\t\t\t\t\t\t\tdata-frame_1=\"e:power3.out;st:370;sp:2000;sR:370;\"\n\t\t\t\t\t\t\t\tdata-frame_999=\"o:0;st:w;sR:2630;\"\n\t\t\t\t\t\t\t\tstyle=\"z-index:6;background-color:rgba(0,0,0,0.31);font-family:Montserrat;\"\n\t\t\t\t\t\t\t>Agenzia turistica e organizzazione di servizi di lusso a Venezia \n\t\t\t\t\t\t\t<\/h2><!--\n\n\t\t\t\t\t\t\t--><rs-layer\n\t\t\t\t\t\t\t\tid=\"slider-1-slide-1-layer-3\" \n\t\t\t\t\t\t\t\tclass=\"rev-btn\"\n\t\t\t\t\t\t\t\tdata-type=\"button\"\n\t\t\t\t\t\t\t\tdata-color=\"rgba(255,255,255,1)\"\n\t\t\t\t\t\t\t\tdata-xy=\"xo:80px,50px,50px,31px;yo:513px,502px,462px,492px;\"\n\t\t\t\t\t\t\t\tdata-text=\"s:11;ls:4px;fw:700;a:inherit;\"\n\t\t\t\t\t\t\t\tdata-actions='o:click;a:simplelink;target:_self;url:\/it\/chi-siamo\/;'\n\t\t\t\t\t\t\t\tdata-rsp_bd=\"off\"\n\t\t\t\t\t\t\t\tdata-padding=\"t:11;r:42;b:11;l:42;\"\n\t\t\t\t\t\t\t\tdata-frame_0=\"x:-50px;\"\n\t\t\t\t\t\t\t\tdata-frame_1=\"e:power3.out;st:370;sp:2000;sR:370;\"\n\t\t\t\t\t\t\t\tdata-frame_999=\"o:0;st:w;sR:2630;\"\n\t\t\t\t\t\t\t\tdata-frame_hover=\"bgc:#b8a48d;boc:#b8a48d;bor:0px,0px,0px,0px;bos:solid;oX:50;oY:50;e:none;\"\n\t\t\t\t\t\t\t\tstyle=\"z-index:7;background-color:#2d2a27;font-family:Karla;cursor:pointer;outline:none;box-shadow:none;box-sizing:border-box;-moz-box-sizing:border-box;-webkit-box-sizing:border-box;\"\n\t\t\t\t\t\t\t>SCOPRI DI PI\u00d9 \n\t\t\t\t\t\t\t<\/rs-layer><!--\n-->\t\t\t\t\t\t<\/rs-slide>\n\t\t\t\t\t\t<rs-slide data-key=\"rs-2\" data-title=\"Slide\" data-anim=\"ei:d;eo:d;s:600;r:0;t:fade;sl:d;\">\n\t\t\t\t\t\t\t<img loading=\"lazy\" decoding=\"async\" src=\"\/\/www.venice-exclusive.com\/wp-content\/uploads\/2022\/01\/wedding-in-venice.jpg\" title=\"wedding-in-venice\" width=\"1320\" height=\"800\" data-bg=\"p:53% 0%;\" class=\"rev-slidebg\" data-no-retina>\n<!--\n\t\t\t\t\t\t\t--><h4\n\t\t\t\t\t\t\t\tid=\"slider-1-slide-2-layer-1\" \n\t\t\t\t\t\t\t\tclass=\"rs-layer\"\n\t\t\t\t\t\t\t\tdata-type=\"text\"\n\t\t\t\t\t\t\t\tdata-color=\"#ffffff||rgba(255, 255, 255, 0.6)||rgba(255, 255, 255, 0.6)||rgba(255, 255, 255, 0.6)\"\n\t\t\t\t\t\t\t\tdata-tsh=\"c:#000000;h:1px;v:1px;\"\n\t\t\t\t\t\t\t\tdata-rsp_ch=\"on\"\n\t\t\t\t\t\t\t\tdata-xy=\"xo:670px,515px,350px,56px;yo:285px,315px,197px,203px;\"\n\t\t\t\t\t\t\t\tdata-text=\"s:18;l:28;ls:4px;a:inherit;\"\n\t\t\t\t\t\t\t\tdata-padding=\"r:10,0,0,0;l:10,0,0,0;\"\n\t\t\t\t\t\t\t\tdata-frame_0=\"x:-50px;\"\n\t\t\t\t\t\t\t\tdata-frame_1=\"e:power3.out;st:370;sp:2000;sR:370;\"\n\t\t\t\t\t\t\t\tdata-frame_999=\"o:0;st:w;sR:2630;\"\n\t\t\t\t\t\t\t\tstyle=\"z-index:5;background-color:rgba(0,0,0,0.31);font-family:Montserrat;\"\n\t\t\t\t\t\t\t>La bellezza di una citt\u00e0 unica \n\t\t\t\t\t\t\t<\/h4><!--\n\n\t\t\t\t\t\t\t--><h2\n\t\t\t\t\t\t\t\tid=\"slider-1-slide-2-layer-2\" \n\t\t\t\t\t\t\t\tclass=\"rs-layer\"\n\t\t\t\t\t\t\t\tdata-type=\"text\"\n\t\t\t\t\t\t\t\tdata-tsh=\"c:#000000;h:1px;v:1px;\"\n\t\t\t\t\t\t\t\tdata-rsp_ch=\"on\"\n\t\t\t\t\t\t\t\tdata-xy=\"x:r,l,l,l;xo:0,515px,350px,54px;yo:338px,360px,229px,238px;\"\n\t\t\t\t\t\t\t\tdata-text=\"w:normal;s:36,36,36,30;l:48;a:inherit;\"\n\t\t\t\t\t\t\t\tdata-dim=\"w:651px,486px,374px,265px;h:98px,auto,auto,auto;\"\n\t\t\t\t\t\t\t\tdata-padding=\"r:10,0,0,0;l:10,0,0,0;\"\n\t\t\t\t\t\t\t\tdata-frame_0=\"x:-50px;\"\n\t\t\t\t\t\t\t\tdata-frame_1=\"e:power3.out;st:370;sp:2000;sR:370;\"\n\t\t\t\t\t\t\t\tdata-frame_999=\"o:0;st:w;sR:2630;\"\n\t\t\t\t\t\t\t\tstyle=\"z-index:6;background-color:rgba(0,0,0,0.31);font-family:Montserrat;\"\n\t\t\t\t\t\t\t>Venezia \u00e8 la cornice ideale per il giorno pi\u00f9 bello della tua vita \n\t\t\t\t\t\t\t<\/h2><!--\n\n\t\t\t\t\t\t\t--><rs-layer\n\t\t\t\t\t\t\t\tid=\"slider-1-slide-2-layer-3\" \n\t\t\t\t\t\t\t\tclass=\"rev-btn\"\n\t\t\t\t\t\t\t\tdata-type=\"button\"\n\t\t\t\t\t\t\t\tdata-color=\"rgba(255,255,255,1)\"\n\t\t\t\t\t\t\t\tdata-xy=\"xo:670px,515px,350px,57px;yo:484px,554px,455px,516px;\"\n\t\t\t\t\t\t\t\tdata-text=\"s:11;ls:4px;fw:700;a:inherit;\"\n\t\t\t\t\t\t\t\tdata-actions='o:click;a:simplelink;target:_self;url:\/it\/servizi\/;'\n\t\t\t\t\t\t\t\tdata-rsp_bd=\"off\"\n\t\t\t\t\t\t\t\tdata-padding=\"t:11;r:42;b:11;l:42;\"\n\t\t\t\t\t\t\t\tdata-frame_0=\"x:-50px;\"\n\t\t\t\t\t\t\t\tdata-frame_1=\"e:power3.out;st:370;sp:2000;sR:370;\"\n\t\t\t\t\t\t\t\tdata-frame_999=\"o:0;st:w;sR:2630;\"\n\t\t\t\t\t\t\t\tdata-frame_hover=\"c:#2d2a27;bgc:#fff;boc:#b8a48d;bor:0px,0px,0px,0px;bos:solid;oX:50;oY:50;e:none;\"\n\t\t\t\t\t\t\t\tstyle=\"z-index:7;background-color:#2d2a27;font-family:Karla;cursor:pointer;outline:none;box-shadow:none;box-sizing:border-box;-moz-box-sizing:border-box;-webkit-box-sizing:border-box;\"\n\t\t\t\t\t\t\t>I NOSTRI SERVIZI \n\t\t\t\t\t\t\t<\/rs-layer><!--\n-->\t\t\t\t\t\t<\/rs-slide>\n\t\t\t\t\t<\/rs-slides>\n\t\t\t\t<\/rs-module>\n\t\t\t\t<script type=\"text\/javascript\">\n\t\t\t\t\tsetREVStartSize({c: 'rev_slider_1_1',rl:[1240,1024,778,480],el:[800,768,678,720],gw:[1320,1024,778,480],gh:[800,768,678,720],type:'standard',justify:'',layout:'fullwidth',mh:\"0\"});\n\t\t\t\t\tvar\trevapi1,\n\t\t\t\t\t\ttpj;\n\t\t\t\t\tfunction revinit_revslider11() {\n\t\t\t\t\tjQuery(function() {\n\t\t\t\t\t\ttpj = jQuery;\n\t\t\t\t\t\trevapi1 = tpj(\"#rev_slider_1_1\");\n\t\t\t\t\t\tif(revapi1==undefined || revapi1.revolution == undefined){\n\t\t\t\t\t\t\trevslider_showDoubleJqueryError(\"rev_slider_1_1\");\n\t\t\t\t\t\t}else{\n\t\t\t\t\t\t\trevapi1.revolution({\n\t\t\t\t\t\t\t\tduration:5000,\n\t\t\t\t\t\t\t\tvisibilityLevels:\"1240,1024,778,480\",\n\t\t\t\t\t\t\t\tgridwidth:\"1320,1024,778,480\",\n\t\t\t\t\t\t\t\tgridheight:\"800,768,678,720\",\n\t\t\t\t\t\t\t\tspinner:\"spinner0\",\n\t\t\t\t\t\t\t\tperspective:600,\n\t\t\t\t\t\t\t\tperspectiveType:\"local\",\n\t\t\t\t\t\t\t\teditorheight:\"800,768,678,720\",\n\t\t\t\t\t\t\t\tresponsiveLevels:\"1240,1024,778,480\",\n\t\t\t\t\t\t\t\tprogressBar:{disableProgressBar:true},\n\t\t\t\t\t\t\t\tnavigation: {\n\t\t\t\t\t\t\t\t\tmouseScrollNavigation:false,\n\t\t\t\t\t\t\t\t\tonHoverStop:false,\n\t\t\t\t\t\t\t\t\ttouch: {\n\t\t\t\t\t\t\t\t\t\ttouchenabled:true,\n\t\t\t\t\t\t\t\t\t\ttouchOnDesktop:true\n\t\t\t\t\t\t\t\t\t}\n\t\t\t\t\t\t\t\t},\n\t\t\t\t\t\t\t\tfallbacks: {\n\t\t\t\t\t\t\t\t\tallowHTML5AutoPlayOnAndroid:true\n\t\t\t\t\t\t\t\t},\n\t\t\t\t\t\t\t});\n\t\t\t\t\t\t}\n\t\t\t\t\t\t\n\t\t\t\t\t});\n\t\t\t\t\t} \/\/ End of RevInitScript\n\t\t\t\tvar once_revslider11 = false;\n\t\t\t\tif (document.readyState === \"loading\") {document.addEventListener('readystatechange',function() { if((document.readyState === \"interactive\" || document.readyState === \"complete\") && !once_revslider11 ) { once_revslider11 = true; revinit_revslider11();}});} else {once_revslider11 = true; revinit_revslider11();}\n\t\t\t\t<\/script>\n\t\t\t<\/rs-module-wrap>\n\t\t\t<!-- END REVOLUTION SLIDER -->\n<\/div>\n<\/div><\/div>\n<\/div>\n<\/div>\n<\/div>\n<\/div>\n<\/div>\n<div id=\"cmsmasters_row_4c2a3d1046\" class=\"cmsmasters_row cmsmasters_color_scheme_default cmsmasters_row_top_default cmsmasters_row_bot_default cmsmasters_row_boxed\">\n<div class=\"cmsmasters_row_outer_parent\">\n<div class=\"cmsmasters_row_outer\">\n<div class=\"cmsmasters_row_inner\">\n<div class=\"cmsmasters_row_margin\">\n<div id=\"cmsmasters_column_58a8d98128\" class=\"cmsmasters_column one_first\">\n<div class=\"cmsmasters_column_inner\"><div id=\"cmsmasters_heading_88cce74c2f\" class=\"cmsmasters_heading_wrap cmsmasters_heading_align_center\">\n\t<h4 class=\"cmsmasters_heading\">REGALATEVI IL LUSSO<\/h4>\n<\/div><div id=\"cmsmasters_fb_1a990cf69d\" class=\"cmsmasters_featured_block\">\n<div class=\"featured_block_inner\">\n<div class=\"featured_block_text\">\n<div id=\"cmsmasters_heading_8891a77104\" class=\"cmsmasters_heading_wrap cmsmasters_heading_align_center\">\n\t<h2 class=\"cmsmasters_heading\">SCEGLIETECI PER SERVIZI ESCLUSIVI A VENEZIA <\/h2>\n<\/div>\n<p style=\"text-align: center;\"><span style=\"color: #6a6560; font-size: 16px; line-height: 28px;\">Non perdere l\u2019occasione di visitare la citt\u00e0 e i suoi tesori nascosti con il supporto dei nostri specialisti locali<\/span><\/p>\n\n<\/div>\n<\/div>\n<\/div>\n<div id=\"cmsmasters_button_39f943d983\" class=\"button_wrap\"><a href=\"\/chi-siamo\/\" class=\"cmsmasters_button\"><span>Scopri chi siamo<\/span><\/a><\/div>\n<\/div><\/div>\n<\/div>\n<\/div>\n<\/div>\n<\/div>\n<\/div>\n<div id=\"cmsmasters_row_0291826a72\" class=\"cmsmasters_row cmsmasters_color_scheme_default cmsmasters_row_top_default cmsmasters_row_bot_default cmsmasters_row_fullwidth\">\n<div class=\"cmsmasters_row_outer_parent\">\n<div class=\"cmsmasters_row_outer\">\n<div class=\"cmsmasters_row_inner cmsmasters_row_fullwidth cmsmasters_row_no_margin\">\n<div class=\"cmsmasters_row_margin cmsmasters_row_columns_behavior\">\n<div id=\"cmsmasters_column_d64b261f70\" class=\"cmsmasters_column one_half\">\n<div class=\"cmsmasters_column_inner\"><div id=\"cmsmasters_heading_ef5f1d087a\" class=\"cmsmasters_heading_wrap cmsmasters_heading_align_left\">\n\t<h2 class=\"cmsmasters_heading\">Lusso, Qualit\u00e0, Stile<\/h2>\n<\/div><div id=\"cmsmasters_heading_4da60ede08\" class=\"cmsmasters_heading_wrap cmsmasters_heading_align_left\">\n\t<h4 class=\"cmsmasters_heading\">Venice Exclusive Servizi a Venezia di alta classe<\/h4>\n<\/div><div id=\"cmsmasters_fb_fd4c23d5b2\" class=\"cmsmasters_featured_block\">\n<div class=\"featured_block_inner\">\n<div class=\"featured_block_text\">\n<p>Venice Exclusive \u00e8 una prestigiosa societ\u00e0 turistica che, grazie all\u2019esperienza maturata negli anni, offre ai propri clienti un servizio esclusivo e di lusso che permette di raggiungere in modo sicuro e in tempi brevi la vostra destinazione e tutti i punti della splendida citt\u00e0 di Venezia.<\/p>\n<p>La nostra societ\u00e0 si occupa in maniera professionale dell\u2019accoglienza dei clienti, con trasferimenti privati da e per gli hotel, propone tour privati ed escursioni personalizzate con l\u2019assistenza di accompagnatori e guide qualificate e professionali sia in citt\u00e0, ma anche in Veneto e nelle regioni limitrofe.<\/p>\n<p>Venice Exclusive offre un ottimo servizio di noleggio auto limousine e taxi acquei 24\/7, assicurando spostamenti per i canali della citt\u00e0 su imbarcazioni eleganti e confortevoli, garantendo puntualit\u00e0 e seriet\u00e0.<\/p>\n<p>Inoltre, grazie ad anni di collaborazione con uno staff qualificato, offriamo ai nostri clienti anche l\u2019organizzazione di matrimoni ed eventi, tour in Veneto ed Italia, ed altre esperienze uniche<\/p>\n\n<\/div>\n<\/div>\n<\/div>\n<div id=\"cmsmasters_button_cdb0296afe\" class=\"button_wrap\"><a href=\"\/servizi\/\" class=\"cmsmasters_button\"><span>Esplora i servizi<\/span><\/a><\/div>\n<\/div><\/div>\n<div id=\"cmsmasters_column_86873ee00c\" class=\"cmsmasters_column one_half\">\n<div class=\"cmsmasters_column_inner\"><div id=\"cmsmasters_fb_e0bb6190c4\" class=\"cmsmasters_featured_block\">\n<div class=\"featured_block_inner\">\n<div class=\"featured_block_text\"><\/div>\n<\/div>\n<\/div>\n<\/div><\/div>\n<\/div>\n<\/div>\n<\/div>\n<\/div>\n<\/div>\n<div id=\"cmsmasters_row_m3dxxc6m6\" class=\"cmsmasters_row cmsmasters_color_scheme_default cmsmasters_row_top_default cmsmasters_row_bot_default cmsmasters_row_boxed\">\n<div class=\"cmsmasters_row_outer_parent\">\n<div class=\"cmsmasters_row_outer\">\n<div class=\"cmsmasters_row_inner\">\n<div class=\"cmsmasters_row_margin\">\n<div id=\"cmsmasters_column_s8aaa2a38\" class=\"cmsmasters_column one_first\">\n<div class=\"cmsmasters_column_inner\"><div id=\"cmsmasters_heading_9e1i41f0hv\" class=\"cmsmasters_heading_wrap cmsmasters_heading_align_center\">\n\t<h4 class=\"cmsmasters_heading\">Un regalo unico<\/h4>\n<\/div><div id=\"cmsmasters_fb_5t07l3y7sf\" class=\"cmsmasters_featured_block\">\n<div class=\"featured_block_inner\">\n<div class=\"featured_block_text\">\n<div id=\"cmsmasters_heading_hgrlndj1v0\" class=\"cmsmasters_heading_wrap cmsmasters_heading_align_center\">\n\t<h2 class=\"cmsmasters_heading\">Un&#8217;esperienza di lusso a Venezia \u00e8 il regalo pi\u00f9 bello che ci sia!<\/h2>\n<\/div>\n\n<\/div>\n<\/div>\n<\/div>\n<div id=\"cmsmasters_button_69b1e4454f\" class=\"button_wrap\"><a href=\"\/contatti\/\" class=\"cmsmasters_button\"><span>Fatti suggerire da noi!<\/span><\/a><\/div>\n<\/div><\/div>\n<\/div>\n<\/div>\n<\/div>\n<\/div>\n<\/div>\n\n","protected":false},"excerpt":{"rendered":"","protected":false},"author":1,"featured_media":0,"parent":0,"menu_order":0,"comment_status":"closed","ping_status":"closed","template":"","meta":{"footnotes":""},"class_list":["post-7366","page","type-page","status-publish","hentry"],"yoast_head":"<!-- This site is optimized with the Yoast SEO plugin v17.8 - https:\/\/yoast.com\/wordpress\/plugins\/seo\/ -->\n<title>Eventi Venezia Organizzazione<\/title>\n<meta name=\"description\" content=\"Eventi a Venezia e nelle Ville Venete o in Itala? Organizzazione di eventi prestigiosi a Venezia e nel Veneto e transfers di lusso\" \/>\n<meta name=\"robots\" content=\"index, follow, max-snippet:-1, max-image-preview:large, max-video-preview:-1\" \/>\n<link rel=\"canonical\" href=\"https:\/\/www.venice-exclusive.com\/it\/\" \/>\n<meta property=\"og:locale\" content=\"it_IT\" \/>\n<meta property=\"og:type\" content=\"article\" \/>\n<meta property=\"og:title\" content=\"Eventi Venezia Organizzazione\" \/>\n<meta property=\"og:description\" content=\"Eventi a Venezia e nelle Ville Venete o in Itala? Organizzazione di eventi prestigiosi a Venezia e nel Veneto e transfers di lusso\" \/>\n<meta property=\"og:url\" content=\"https:\/\/www.venice-exclusive.com\/it\/\" \/>\n<meta property=\"og:site_name\" content=\"Venice Exclusive\" \/>\n<meta property=\"article:modified_time\" content=\"2022-05-12T10:14:24+00:00\" \/>\n<meta name=\"twitter:card\" content=\"summary_large_image\" \/>\n<meta name=\"twitter:label1\" content=\"Tempo di lettura stimato\" \/>\n\t<meta name=\"twitter:data1\" content=\"3 minuti\" \/>\n<script type=\"application\/ld+json\" class=\"yoast-schema-graph\">{\"@context\":\"https:\/\/schema.org\",\"@graph\":[{\"@type\":\"WebSite\",\"@id\":\"https:\/\/www.venice-exclusive.com\/#website\",\"url\":\"https:\/\/www.venice-exclusive.com\/\",\"name\":\"Venice Exclusive\",\"description\":\"Luxury Travel Agency Venice\",\"potentialAction\":[{\"@type\":\"SearchAction\",\"target\":{\"@type\":\"EntryPoint\",\"urlTemplate\":\"https:\/\/www.venice-exclusive.com\/?s={search_term_string}\"},\"query-input\":\"required name=search_term_string\"}],\"inLanguage\":\"it-IT\"},{\"@type\":\"WebPage\",\"@id\":\"https:\/\/www.venice-exclusive.com\/it\/#webpage\",\"url\":\"https:\/\/www.venice-exclusive.com\/it\/\",\"name\":\"Eventi Venezia Organizzazione\",\"isPartOf\":{\"@id\":\"https:\/\/www.venice-exclusive.com\/#website\"},\"datePublished\":\"2015-11-18T08:37:53+00:00\",\"dateModified\":\"2022-05-12T10:14:24+00:00\",\"description\":\"Eventi a Venezia e nelle Ville Venete o in Itala? Organizzazione di eventi prestigiosi a Venezia e nel Veneto e transfers di lusso\",\"breadcrumb\":{\"@id\":\"https:\/\/www.venice-exclusive.com\/it\/#breadcrumb\"},\"inLanguage\":\"it-IT\",\"potentialAction\":[{\"@type\":\"ReadAction\",\"target\":[\"https:\/\/www.venice-exclusive.com\/it\/\"]}]},{\"@type\":\"BreadcrumbList\",\"@id\":\"https:\/\/www.venice-exclusive.com\/it\/#breadcrumb\",\"itemListElement\":[{\"@type\":\"ListItem\",\"position\":1,\"name\":\"Home\",\"item\":\"https:\/\/www.venice-exclusive.com\/it\/\"},{\"@type\":\"ListItem\",\"position\":2,\"name\":\"Home\"}]}]}<\/script>\n<!-- \/ Yoast SEO plugin. -->","yoast_head_json":{"title":"Eventi Venezia Organizzazione","description":"Eventi a Venezia e nelle Ville Venete o in Itala? Organizzazione di eventi prestigiosi a Venezia e nel Veneto e transfers di lusso","robots":{"index":"index","follow":"follow","max-snippet":"max-snippet:-1","max-image-preview":"max-image-preview:large","max-video-preview":"max-video-preview:-1"},"canonical":"https:\/\/www.venice-exclusive.com\/it\/","og_locale":"it_IT","og_type":"article","og_title":"Eventi Venezia Organizzazione","og_description":"Eventi a Venezia e nelle Ville Venete o in Itala? Organizzazione di eventi prestigiosi a Venezia e nel Veneto e transfers di lusso","og_url":"https:\/\/www.venice-exclusive.com\/it\/","og_site_name":"Venice Exclusive","article_modified_time":"2022-05-12T10:14:24+00:00","twitter_card":"summary_large_image","twitter_misc":{"Tempo di lettura stimato":"3 minuti"},"schema":{"@context":"https:\/\/schema.org","@graph":[{"@type":"WebSite","@id":"https:\/\/www.venice-exclusive.com\/#website","url":"https:\/\/www.venice-exclusive.com\/","name":"Venice Exclusive","description":"Luxury Travel Agency Venice","potentialAction":[{"@type":"SearchAction","target":{"@type":"EntryPoint","urlTemplate":"https:\/\/www.venice-exclusive.com\/?s={search_term_string}"},"query-input":"required name=search_term_string"}],"inLanguage":"it-IT"},{"@type":"WebPage","@id":"https:\/\/www.venice-exclusive.com\/it\/#webpage","url":"https:\/\/www.venice-exclusive.com\/it\/","name":"Eventi Venezia Organizzazione","isPartOf":{"@id":"https:\/\/www.venice-exclusive.com\/#website"},"datePublished":"2015-11-18T08:37:53+00:00","dateModified":"2022-05-12T10:14:24+00:00","description":"Eventi a Venezia e nelle Ville Venete o in Itala? Organizzazione di eventi prestigiosi a Venezia e nel Veneto e transfers di lusso","breadcrumb":{"@id":"https:\/\/www.venice-exclusive.com\/it\/#breadcrumb"},"inLanguage":"it-IT","potentialAction":[{"@type":"ReadAction","target":["https:\/\/www.venice-exclusive.com\/it\/"]}]},{"@type":"BreadcrumbList","@id":"https:\/\/www.venice-exclusive.com\/it\/#breadcrumb","itemListElement":[{"@type":"ListItem","position":1,"name":"Home","item":"https:\/\/www.venice-exclusive.com\/it\/"},{"@type":"ListItem","position":2,"name":"Home"}]}]}},"_links":{"self":[{"href":"https:\/\/www.venice-exclusive.com\/it\/wp-json\/wp\/v2\/pages\/7366","targetHints":{"allow":["GET"]}}],"collection":[{"href":"https:\/\/www.venice-exclusive.com\/it\/wp-json\/wp\/v2\/pages"}],"about":[{"href":"https:\/\/www.venice-exclusive.com\/it\/wp-json\/wp\/v2\/types\/page"}],"author":[{"embeddable":true,"href":"https:\/\/www.venice-exclusive.com\/it\/wp-json\/wp\/v2\/users\/1"}],"replies":[{"embeddable":true,"href":"https:\/\/www.venice-exclusive.com\/it\/wp-json\/wp\/v2\/comments?post=7366"}],"version-history":[{"count":60,"href":"https:\/\/www.venice-exclusive.com\/it\/wp-json\/wp\/v2\/pages\/7366\/revisions"}],"predecessor-version":[{"id":14498,"href":"https:\/\/www.venice-exclusive.com\/it\/wp-json\/wp\/v2\/pages\/7366\/revisions\/14498"}],"wp:attachment":[{"href":"https:\/\/www.venice-exclusive.com\/it\/wp-json\/wp\/v2\/media?parent=7366"}],"curies":[{"name":"wp","href":"https:\/\/api.w.org\/{rel}","templated":true}]}}